{"id":165,"date":"2020-10-29T18:21:14","date_gmt":"2020-10-29T18:21:14","guid":{"rendered":"https:\/\/quimpest.com\/wp\/?page_id=165"},"modified":"2020-12-04T13:01:48","modified_gmt":"2020-12-04T13:01:48","slug":"desratizacao","status":"publish","type":"page","link":"https:\/\/quimpest.com\/wp\/desratizacao\/","title":{"rendered":"RATOS"},"content":{"rendered":"\t\t<div data-elementor-type=\"wp-page\" data-elementor-id=\"165\" class=\"elementor elementor-165\">\n\t\t\t\t\t\t<div class=\"elementor-inner\">\n\t\t\t\t<div class=\"elementor-section-wrap\">\n\t\t\t\t\t\t\t\t\t<section class=\"elementor-section elementor-top-section elementor-element elementor-element-c6b4ec7 elementor-section-boxed elementor-section-height-default elementor-section-height-default\" data-id=\"c6b4ec7\" data-element_type=\"section\">\n\t\t\t\t\t\t<div class=\"elementor-container elementor-column-gap-default\">\n\t\t\t\t\t\t\t<div class=\"elementor-row\">\n\t\t\t\t\t<div class=\"elementor-column elementor-col-100 elementor-top-column elementor-element elementor-element-9aab0fa\" data-id=\"9aab0fa\" data-element_type=\"column\">\n\t\t\t<div class=\"elementor-column-wrap elementor-element-populated\">\n\t\t\t\t\t\t\t<div class=\"elementor-widget-wrap\">\n\t\t\t\t\t\t<div class=\"elementor-element elementor-element-acedc17 elementor-widget elementor-widget-image\" data-id=\"acedc17\" data-element_type=\"widget\" data-widget_type=\"image.default\">\n\t\t\t\t<div class=\"elementor-widget-container\">\n\t\t\t\t\t\t\t\t<div class=\"elementor-image\">\n\t\t\t\t\t\t\t\t\t\t\t\t<img src=\"https:\/\/quimpest.com\/wp\/wp-content\/uploads\/elementor\/thumbs\/ratoss-oyp9a5hcs2ul4kwmelfg27vu4rgdeqmb5o9kjx78i8.jpg\" title=\"Rato\" alt=\"Rato\" \/>\t\t\t\t\t\t\t\t\t\t\t\t\t\t<\/div>\n\t\t\t\t\t\t<\/div>\n\t\t\t\t<\/div>\n\t\t\t\t\t\t<\/div>\n\t\t\t\t\t<\/div>\n\t\t<\/div>\n\t\t\t\t\t\t\t\t<\/div>\n\t\t\t\t\t<\/div>\n\t\t<\/section>\n\t\t\t\t<section class=\"elementor-section elementor-top-section elementor-element elementor-element-a51b5bf elementor-section-boxed elementor-section-height-default elementor-section-height-default\" data-id=\"a51b5bf\" data-element_type=\"section\">\n\t\t\t\t\t\t<div class=\"elementor-container elementor-column-gap-default\">\n\t\t\t\t\t\t\t<div class=\"elementor-row\">\n\t\t\t\t\t<div class=\"elementor-column elementor-col-100 elementor-top-column elementor-element elementor-element-f5341b9\" data-id=\"f5341b9\" data-element_type=\"column\">\n\t\t\t<div class=\"elementor-column-wrap elementor-element-populated\">\n\t\t\t\t\t\t\t<div class=\"elementor-widget-wrap\">\n\t\t\t\t\t\t<div class=\"elementor-element elementor-element-2073b2f elementor-widget-divider--view-line_text elementor-widget-divider--element-align-center elementor-widget elementor-widget-divider\" data-id=\"2073b2f\" data-element_type=\"widget\" data-widget_type=\"divider.default\">\n\t\t\t\t<div class=\"elementor-widget-container\">\n\t\t\t\t\t<div class=\"elementor-divider\">\n\t\t\t<span class=\"elementor-divider-separator\">\n\t\t\t\t\t\t\t<span class=\"elementor-divider__text elementor-divider__element\">\n\t\t\t\tRATOS\t\t\t\t<\/span>\n\t\t\t\t\t\t<\/span>\n\t\t<\/div>\n\t\t\t\t<\/div>\n\t\t\t\t<\/div>\n\t\t\t\t\t\t<\/div>\n\t\t\t\t\t<\/div>\n\t\t<\/div>\n\t\t\t\t\t\t\t\t<\/div>\n\t\t\t\t\t<\/div>\n\t\t<\/section>\n\t\t\t\t<section class=\"elementor-section elementor-top-section elementor-element elementor-element-6c63be7 elementor-section-boxed elementor-section-height-default elementor-section-height-default\" data-id=\"6c63be7\" data-element_type=\"section\">\n\t\t\t\t\t\t<div class=\"elementor-container elementor-column-gap-default\">\n\t\t\t\t\t\t\t<div class=\"elementor-row\">\n\t\t\t\t\t<div class=\"elementor-column elementor-col-100 elementor-top-column elementor-element elementor-element-78c24fc\" data-id=\"78c24fc\" data-element_type=\"column\">\n\t\t\t<div class=\"elementor-column-wrap elementor-element-populated\">\n\t\t\t\t\t\t\t<div class=\"elementor-widget-wrap\">\n\t\t\t\t\t\t<div class=\"elementor-element elementor-element-1ca63e0 elementor-widget elementor-widget-text-editor\" data-id=\"1ca63e0\" data-element_type=\"widget\" data-widget_type=\"text-editor.default\">\n\t\t\t\t<div class=\"elementor-widget-container\">\n\t\t\t\t\t\t\t\t<div class=\"elementor-text-editor elementor-clearfix\">\n\t\t\t\t<p>Os Ratos podem-se multiplicar rapidamente e causar danos significativos na sua casa ou empresa. Eles tamb\u00e9m contaminam os alimentos e outros materiais atrav\u00e9s dos excrementos que deixam para tr\u00e1s.<\/p><p>Uma infesta\u00e7\u00e3o de ratos pode provocar danos em fios, cabos de m\u00e1quinas e instala\u00e7\u00f5es el\u00e9tricas, contaminar alimentos armazenados e outros materiais. E como tal, representam uma grave amea\u00e7a para a sa\u00fade p\u00fablica. Isto porque os Ratos s\u00e3o respons\u00e1veis pela transmiss\u00e3o de in\u00fameras doen\u00e7as ao homem, destacando a Leptospirose, Tifo, Peste Bub\u00f3nica, Febre Hemorr\u00e1gica, Sarnas, Salmonelas, Micoses, entre outras. Para al\u00e9m disso, na\u00a0 sua\u00a0 urina\u00a0 est\u00e1 presente uma\u00a0 prote\u00edna que desencadeia ataques\u00a0 de asma e outras\u00a0 rea\u00e7\u00f5es al\u00e9rgicas.<\/p>\t\t\t\t\t<\/div>\n\t\t\t\t\t\t<\/div>\n\t\t\t\t<\/div>\n\t\t\t\t\t\t<\/div>\n\t\t\t\t\t<\/div>\n\t\t<\/div>\n\t\t\t\t\t\t\t\t<\/div>\n\t\t\t\t\t<\/div>\n\t\t<\/section>\n\t\t\t\t<section class=\"elementor-section elementor-top-section elementor-element elementor-element-63b1c69 elementor-section-boxed elementor-section-height-default elementor-section-height-default\" data-id=\"63b1c69\" data-element_type=\"section\">\n\t\t\t\t\t\t<div class=\"elementor-container elementor-column-gap-default\">\n\t\t\t\t\t\t\t<div class=\"elementor-row\">\n\t\t\t\t\t<div class=\"elementor-column elementor-col-100 elementor-top-column elementor-element elementor-element-320a64d\" data-id=\"320a64d\" data-element_type=\"column\">\n\t\t\t<div class=\"elementor-column-wrap elementor-element-populated\">\n\t\t\t\t\t\t\t<div class=\"elementor-widget-wrap\">\n\t\t\t\t\t\t<div class=\"elementor-element elementor-element-7402b24 elementor-widget elementor-widget-text-editor\" data-id=\"7402b24\" data-element_type=\"widget\" data-widget_type=\"text-editor.default\">\n\t\t\t\t<div class=\"elementor-widget-container\">\n\t\t\t\t\t\t\t\t<div class=\"elementor-text-editor elementor-clearfix\">\n\t\t\t\t<p>Efetuar um controlo profissional ao primeiro sinal de problema pode ajudar muito a reduzir o per\u00edodo de tempo necess\u00e1rio para controlar efetivamente a infesta\u00e7\u00e3o.<\/p>\t\t\t\t\t<\/div>\n\t\t\t\t\t\t<\/div>\n\t\t\t\t<\/div>\n\t\t\t\t\t\t<\/div>\n\t\t\t\t\t<\/div>\n\t\t<\/div>\n\t\t\t\t\t\t\t\t<\/div>\n\t\t\t\t\t<\/div>\n\t\t<\/section>\n\t\t\t\t<section class=\"elementor-section elementor-top-section elementor-element elementor-element-e89acd4 elementor-section-boxed elementor-section-height-default elementor-section-height-default\" data-id=\"e89acd4\" data-element_type=\"section\">\n\t\t\t\t\t\t<div class=\"elementor-container elementor-column-gap-default\">\n\t\t\t\t\t\t\t<div class=\"elementor-row\">\n\t\t\t\t\t<div class=\"elementor-column elementor-col-33 elementor-top-column elementor-element elementor-element-72f6c3c\" data-id=\"72f6c3c\" data-element_type=\"column\">\n\t\t\t<div class=\"elementor-column-wrap elementor-element-populated\">\n\t\t\t\t\t\t\t<div class=\"elementor-widget-wrap\">\n\t\t\t\t\t\t<div class=\"elementor-element elementor-element-36feefc elementor-position-top elementor-vertical-align-top elementor-widget elementor-widget-image-box\" data-id=\"36feefc\" data-element_type=\"widget\" data-widget_type=\"image-box.default\">\n\t\t\t\t<div class=\"elementor-widget-container\">\n\t\t\t<div class=\"elementor-image-box-wrapper\"><figure class=\"elementor-image-box-img\"><img width=\"84\" height=\"96\" src=\"https:\/\/quimpest.com\/wp\/wp-content\/uploads\/2020\/12\/fire.jpg\" class=\"attachment-full size-full wp-image-855\" alt=\"\" loading=\"lazy\" \/><\/figure><div class=\"elementor-image-box-content\"><p class=\"elementor-image-box-description\">Roem cabos el\u00e9tricos e podem causar  inc\u00eandios<\/p><\/div><\/div>\t\t<\/div>\n\t\t\t\t<\/div>\n\t\t\t\t\t\t<\/div>\n\t\t\t\t\t<\/div>\n\t\t<\/div>\n\t\t\t\t<div class=\"elementor-column elementor-col-33 elementor-top-column elementor-element elementor-element-bad32a4\" data-id=\"bad32a4\" data-element_type=\"column\">\n\t\t\t<div class=\"elementor-column-wrap elementor-element-populated\">\n\t\t\t\t\t\t\t<div class=\"elementor-widget-wrap\">\n\t\t\t\t\t\t<div class=\"elementor-element elementor-element-9a08974 elementor-position-top elementor-vertical-align-top elementor-widget elementor-widget-image-box\" data-id=\"9a08974\" data-element_type=\"widget\" data-widget_type=\"image-box.default\">\n\t\t\t\t<div class=\"elementor-widget-container\">\n\t\t\t<div class=\"elementor-image-box-wrapper\"><figure class=\"elementor-image-box-img\"><img width=\"73\" height=\"94\" src=\"https:\/\/quimpest.com\/wp\/wp-content\/uploads\/2020\/12\/odores.jpg\" class=\"attachment-full size-full wp-image-857\" alt=\"\" loading=\"lazy\" \/><\/figure><div class=\"elementor-image-box-content\"><p class=\"elementor-image-box-description\">Morrem nas paredes e criam odores desagrad\u00e1veis \n<\/p><\/div><\/div>\t\t<\/div>\n\t\t\t\t<\/div>\n\t\t\t\t\t\t<\/div>\n\t\t\t\t\t<\/div>\n\t\t<\/div>\n\t\t\t\t<div class=\"elementor-column elementor-col-33 elementor-top-column elementor-element elementor-element-691bbb4\" data-id=\"691bbb4\" data-element_type=\"column\">\n\t\t\t<div class=\"elementor-column-wrap elementor-element-populated\">\n\t\t\t\t\t\t\t<div class=\"elementor-widget-wrap\">\n\t\t\t\t\t\t<div class=\"elementor-element elementor-element-68d7037 elementor-position-top elementor-vertical-align-top elementor-widget elementor-widget-image-box\" data-id=\"68d7037\" data-element_type=\"widget\" data-widget_type=\"image-box.default\">\n\t\t\t\t<div class=\"elementor-widget-container\">\n\t\t\t<div class=\"elementor-image-box-wrapper\"><figure class=\"elementor-image-box-img\"><img src=\"https:\/\/quimpest.com\/wp\/wp-content\/uploads\/elementor\/thumbs\/Sem-Titulo-oza3ybr6cgdkpsg2058bygikvswob24tk1kqn471t4.jpg\" title=\"Sem T\u00edtulo\" alt=\"Sem T\u00edtulo\" \/><\/figure><div class=\"elementor-image-box-content\"><p class=\"elementor-image-box-description\">Destroem  propriedades e pertences \n<\/p><\/div><\/div>\t\t<\/div>\n\t\t\t\t<\/div>\n\t\t\t\t\t\t<\/div>\n\t\t\t\t\t<\/div>\n\t\t<\/div>\n\t\t\t\t\t\t\t\t<\/div>\n\t\t\t\t\t<\/div>\n\t\t<\/section>\n\t\t\t\t\t\t\t\t\t<\/div>\n\t\t\t<\/div>\n\t\t\t\t\t<\/div>\n\t\t","protected":false},"excerpt":{"rendered":"<p>RATOS Os Ratos podem-se multiplicar rapidamente e causar danos significativos na sua casa ou empresa. Eles tamb\u00e9m contaminam os alimentos e outros materiais atrav\u00e9s dos excrementos que deixam para tr\u00e1s. Uma infesta\u00e7\u00e3o de ratos pode provocar danos em fios, cabos de m\u00e1quinas e instala\u00e7\u00f5es el\u00e9tricas, contaminar alimentos armazenados e outros materiais. E como tal, representam<\/p><\/div>\n<div class=\"blog-btn\"><a href=\"https:\/\/quimpest.com\/wp\/desratizacao\/\" class=\"home-blog-btn\">Ler mais<\/a><\/p>\n","protected":false},"author":1,"featured_media":0,"parent":0,"menu_order":0,"comment_status":"closed","ping_status":"closed","template":"","meta":[],"_links":{"self":[{"href":"https:\/\/quimpest.com\/wp\/wp-json\/wp\/v2\/pages\/165"}],"collection":[{"href":"https:\/\/quimpest.com\/wp\/wp-json\/wp\/v2\/pages"}],"about":[{"href":"https:\/\/quimpest.com\/wp\/wp-json\/wp\/v2\/types\/page"}],"author":[{"embeddable":true,"href":"https:\/\/quimpest.com\/wp\/wp-json\/wp\/v2\/users\/1"}],"replies":[{"embeddable":true,"href":"https:\/\/quimpest.com\/wp\/wp-json\/wp\/v2\/comments?post=165"}],"version-history":[{"count":9,"href":"https:\/\/quimpest.com\/wp\/wp-json\/wp\/v2\/pages\/165\/revisions"}],"predecessor-version":[{"id":856,"href":"https:\/\/quimpest.com\/wp\/wp-json\/wp\/v2\/pages\/165\/revisions\/856"}],"wp:attachment":[{"href":"https:\/\/quimpest.com\/wp\/wp-json\/wp\/v2\/media?parent=165"}],"curies":[{"name":"wp","href":"https:\/\/api.w.org\/{rel}","templated":true}]}}